{"id":3,"date":"2025-06-13T19:23:37","date_gmt":"2025-06-13T19:23:37","guid":{"rendered":"http:\/\/coldbet.partners\/es\/?page_id=3"},"modified":"2025-07-14T21:50:38","modified_gmt":"2025-07-14T21:50:38","slug":"privacy-policy","status":"publish","type":"page","link":"https:\/\/coldbet.partners\/es\/privacy-policy\/","title":{"rendered":"Pol\u00edtica de privacida"},"content":{"rendered":"\n<div class=\"pre-content\">\n<div class=\"last-update ttu text-large font-medium\">\u00daltima actualizaci\u00f3n: 09.07.2025<\/div>\n<div class=\"common-info\">\n<p>Nos comprometemos a que nuestra Pol\u00edtica de Privacidad (en adelante, la \u201cPol\u00edtica\u201d) sea transparente y comprensible para usted en lo que respecta al uso y la protecci\u00f3n de sus Datos Personales. Esta Pol\u00edtica de Privacidad cumple con los est\u00e1ndares del Reglamento General de Protecci\u00f3n de Datos (RGPD) de la UE.<\/p>\n<\/p><\/div>\n<div class=\"short-info\">\n<p class=\"text-large font-medium ttu\">En esta Pol\u00edtica:<\/p>\n<p>a) \u00abnosotros\u00bb, \u00abnos\u00bb o \u00abnuestro\u00bb se refiere a Game2net B.V. (Coldbet Partners), n\u00famero de registro 163111, con domicilio en Abraham Mendez Chumaceiro Boulevard 03, Curazao.<\/p>\n<p>b) \u00absitio web\u00bb significa <a href=\"https:\/\/coldbet.partners\/\" class=\"link\">https:\/\/coldbet.partners\/<\/a><\/p>\n<p>Esta Pol\u00edtica explica c\u00f3mo nuestra empresa y nuestras entidades afiliadas recopilan, procesan y divulgan los datos personales, as\u00ed como las medidas que tomamos para proteger dicha informaci\u00f3n.<\/p>\n<p>Asimismo, en esta Pol\u00edtica le proporcionamos informaci\u00f3n sobre el uso que hacemos de las cookies.<\/p>\n<p>Si tiene preguntas o sugerencias relacionadas con esta Pol\u00edtica de Privacidad o sobre los servicios y funcionalidades que brindamos, por favor cont\u00e1ctenos en: <a class=\"link\" href=\"mailto:support@coldbet.partners\" target=\"_blank\">support@coldbet.partners<\/a>..<\/p>\n<p>Podremos modificar esta Pol\u00edtica de Privacidad peri\u00f3dicamente, y le notificaremos sobre dichos cambios publicando los t\u00e9rminos actualizados en nuestras plataformas y sitios web.<\/p>\n<p>Su uso continuado de nuestros servicios tras la publicaci\u00f3n de cualquier cambio en esta Pol\u00edtica implica su aceptaci\u00f3n plena de dichos cambios.<\/p>\n<p class=\"ttu c-bitter-lemon\">Le recomendamos revisar esta Pol\u00edtica de forma peri\u00f3dica.<\/p>\n<\/p><\/div>\n<\/p><\/div>\n<div class=\"content\">\n<section class=\"page__section\">\n<div class=\"section-subtitle section-subtitle--bordered\">1. CONSENTIMIENTO PARA EL TRATAMIENTO DE DATOS PERSONALES<\/div>\n<p>El tratamiento de sus datos personales por parte de ColdBet Partners solo se realizar\u00e1 una vez que usted haya otorgado su consentimiento expl\u00edcito para dicho tratamiento (en adelante, el \u201cConsentimiento\u201d).<\/p>\n<p>El consentimiento puede otorgarse por usted o su representante ya sea por escrito o a trav\u00e9s de acciones realizadas en nuestro sitio web.<\/p>\n<p><\/p>\n<p class=\"ttu\">CONSENTIMIENTO POR ESCRITO<\/p>\n<p>El consentimiento escrito debe incluir la siguiente informaci\u00f3n:<\/p>\n<p>1. Apellido, nombre(s), direcci\u00f3n del titular de los datos personales, n\u00famero del documento de identidad, fecha de emisi\u00f3n y entidad emisora del documento; o los datos del representante legal, junto con el poder notarial correspondiente (en caso de consentimiento otorgado por un representante);<\/p>\n<p>2. Direcci\u00f3n postal o electr\u00f3nica de ColdBet Partners como receptor del consentimiento; y la finalidad del tratamiento de datos personales;<\/p>\n<p>3. Lista de los datos personales que se autoriza a procesar;<\/p>\n<p>4. Nombre y direcci\u00f3n de la entidad que procesar\u00e1 los datos por encargo de ColdBet Partners, si corresponde;<\/p>\n<p>5. Lista de acciones a realizar con los datos personales y una descripci\u00f3n general de los m\u00e9todos de tratamiento;<\/p>\n<p>6. El per\u00edodo de validez del consentimiento, as\u00ed como el mecanismo para su revocaci\u00f3n;<\/p>\n<p>7. Firma del titular de los datos personales.<\/p>\n<p>Este consentimiento por escrito deber\u00e1 enviarse por correo electr\u00f3nico y se considerar\u00e1 recibido una vez que enviemos una confirmaci\u00f3n escrita en respuesta.<\/p>\n<p><\/p>\n<p class=\"ttu\">CONSENTIMIENTO EXPRESADO MEDIANTE ACCI\u00d3N<\/p>\n<p>Esto incluye acciones que expresan su intenci\u00f3n de establecer una relaci\u00f3n jur\u00eddica con ColdBet Partners, sin necesidad de una manifestaci\u00f3n verbal o escrita directa.<\/p>\n<p>Dicho consentimiento se da, por ejemplo, al registrarse en nuestro sitio web mediante el formulario de registro.<\/p>\n<p>No se requerir\u00e1 su consentimiento en los siguientes casos:<\/p>\n<p>1. Cuando el tratamiento de los datos personales sea necesario para cumplir obligaciones legales nacionales o internacionales;<\/p>\n<p>2. Cuando el tratamiento sea requerido para procesos judiciales o la ejecuci\u00f3n de decisiones judiciales o administrativas;<\/p>\n<p>3. Cuando el tratamiento sea necesario para proteger su vida, salud o intereses vitales;<\/p>\n<p>4. Cuando sea necesario para la protecci\u00f3n de derechos leg\u00edtimos de ColdBet Partners o terceros, o para alcanzar fines de inter\u00e9s p\u00fablico sin infringir derechos y libertades fundamentales;<\/p>\n<p>5. Cuando el tratamiento sea para fines estad\u00edsticos o de investigaci\u00f3n, con anonimizaci\u00f3n obligatoria de los datos, salvo uso con fines de marketing;<\/p>\n<p>6. Cuando los datos personales hayan sido puestos a disposici\u00f3n del p\u00fablico por usted mismo;<\/p>\n<p>7. Cuando los datos personales deban publicarse o divulgarse conforme a leyes locales.<\/p>\n<\/section>\n<section class=\"page__section\">\n<div class=\"section-subtitle section-subtitle--bordered\">2. DATOS QUE RECOPILAMOS<\/div>\n<p>Recopilamos y procesamos datos que pueden ser utilizados con fines de identificaci\u00f3n personal, incluyendo, entre otros:<\/p>\n<ul>\n<li>Nombre y apellidos<\/li>\n<li>Fecha de nacimiento<\/li>\n<li>Informaci\u00f3n de tarjeta de cr\u00e9dito o cuenta bancaria<\/li>\n<li>Informaci\u00f3n de pagos e historial de transacciones<\/li>\n<li>Direcci\u00f3n f\u00edsica (residencial u otra)<\/li>\n<li>Direcci\u00f3n de correo electr\u00f3nico<\/li>\n<li>N\u00famero de tel\u00e9fono<\/li>\n<li>ID del mensajero que utiliza para comunicarse<\/li>\n<\/ul>\n<p>Se le puede solicitar que proporcione Datos Personales al utilizar nuestro sitio web o nuestros servicios, as\u00ed como al registrarse para una cuenta.<\/p>\n<p>Esta informaci\u00f3n se recopila, procesa y almacena en nuestros servidores de acuerdo con los requisitos legales de su jurisdicci\u00f3n.<\/p>\n<p>Datos t\u00e9cnicos:<\/p>\n<p>Cuando usted utiliza nuestros servicios, nuestros servidores mantienen un registro \u00fanico de actividad que recopila cierta informaci\u00f3n administrativa y de tr\u00e1fico, incluyendo:<\/p>\n<ul>\n<li>Direcci\u00f3n IP<\/li>\n<li>Hora de acceso<\/li>\n<li>Fecha de acceso<\/li>\n<li>P\u00e1ginas web visitadas<\/li>\n<li>Idioma utilizado<\/li>\n<li>Informes de fallos del software<\/li>\n<li>Tipo de navegador utilizado<\/li>\n<\/ul>\n<p>Esta informaci\u00f3n es necesaria para poder ofrecerle un servicio de calidad.<\/p>\n<p>Nunca recopilamos Datos Personales sobre usted sin su conocimiento.<\/p>\n<\/section>\n<section class=\"page__section\">\n<div class=\"section-subtitle section-subtitle--bordered\">3. M\u00c9TODOS DE RECOPILACI\u00d3N Y TRATAMIENTO DE DATOS<\/div>\n<p>Podemos recopilar autom\u00e1ticamente ciertos datos, as\u00ed como recibir Datos Personales que usted nos proporciona voluntariamente al utilizar nuestros servicios, enviar mensajes o interactuar en el sitio web de ColdBet Partners.<\/p>\n<p>Tambi\u00e9n podemos recibir Datos Personales de comerciantes en l\u00ednea, proveedores de servicios, o de listas de clientes adquiridas legalmente a trav\u00e9s de terceros proveedores.<\/p>\n<p>Asimismo, podemos utilizar servicios de terceros para brindar soporte t\u00e9cnico en las transacciones en l\u00ednea y en la gesti\u00f3n de cuentas.<\/p>\n<p>Tendremos acceso a cualquier informaci\u00f3n que usted proporcione a estos proveedores y servicios de comercio electr\u00f3nico, y utilizaremos sus Datos Personales de conformidad con lo establecido en la presente Pol\u00edtica.<\/p>\n<p>Dicha informaci\u00f3n ser\u00e1 divulgada a terceros ajenos a la empresa \u00fanicamente en los t\u00e9rminos permitidos por esta Pol\u00edtica y por la legislaci\u00f3n aplicable en su pa\u00eds.<\/p>\n<\/section>\n<section class=\"page__section\">\n<div class=\"section-subtitle section-subtitle--bordered\">4. USO DE SUS DATOS<\/div>\n<p>Utilizamos los Datos Personales que usted nos proporciona para ofrecer nuestros servicios, incluidos servicios informativos, atenci\u00f3n al cliente, seguridad, verificaci\u00f3n de identidad, procesamiento de transacciones en l\u00ednea, participaci\u00f3n en promociones externas que cumplan ciertos requisitos comerciales y otros fines relacionados con el funcionamiento de nuestros Servicios.<\/p>\n<p>En consecuencia, al prestarle servicios, podemos compartir su informaci\u00f3n personal con nuestros socios (incluidas otras partes con las que usted tenga acuerdos para compartir sus datos).<\/p>\n<p>Tambi\u00e9n podemos utilizar su informaci\u00f3n personal para ofrecerle:<\/p>\n<p>1. Promociones y comunicaciones sobre nuestros productos y servicios;<\/p>\n<p>2. Promociones y comunicaciones sobre productos y servicios de nuestros socios, con el fin de ampliar la oferta de Servicios disponibles para usted y mejorar la calidad de la atenci\u00f3n al cliente.<\/p>\n<p>Ocasionalmente, podemos solicitarle informaci\u00f3n a trav\u00e9s de encuestas o concursos. Participar en dichas encuestas o concursos es completamente voluntario, y usted siempre tendr\u00e1 la opci\u00f3n de proporcionar o no su informaci\u00f3n personal.<\/p>\n<p>La informaci\u00f3n solicitada puede incluir datos de contacto (como nombre, direcci\u00f3n postal, n\u00famero de tel\u00e9fono) e informaci\u00f3n geogr\u00e1fica (como c\u00f3digo postal o direcci\u00f3n), as\u00ed como su edad.<\/p>\n<p>Al participar en un concurso o recibir un premio de nuestra parte, usted acepta que podamos utilizar su nombre con fines publicitarios sin compensaci\u00f3n adicional, salvo en los casos prohibidos por ley.<\/p>\n<\/section>\n<section class=\"page__section\">\n<div class=\"section-subtitle section-subtitle--bordered\">5. DIVULGACI\u00d3N DE INFORMACI\u00d3N<\/div>\n<p>Podemos compartir informaci\u00f3n sobre usted con empresas, organizaciones o personas ajenas a ColdBet Partners si usted nos ha dado su consentimiento para hacerlo.<\/p>\n<p>Tambi\u00e9n podremos divulgar sus Datos Personales si as\u00ed lo exige la legislaci\u00f3n aplicable, o si descubrimos que ha intentado enga\u00f1arnos o ha cometido fraude de cualquier tipo (como manipulaci\u00f3n de juegos, fraude de pagos, etc.), o si consideramos que dicha divulgaci\u00f3n es necesaria para:<\/p>\n<p>1. Cumplir con un proceso legal que nos concierna, en cualquiera de nuestros sitios o servicios, o en situaciones donde estemos legalmente obligados;<\/p>\n<p>2. Proteger nuestros derechos o propiedad;<\/p>\n<p>3. Proteger a nuestros usuarios o a la sociedad en general.<\/p>\n<\/section>\n<section class=\"page__section\">\n<div class=\"section-subtitle section-subtitle--bordered\">6. SUS DERECHOS EN RELACI\u00d3N CON SUS DATOS PERSONALES<\/div>\n<p>Usted puede \u201coptar por no recibir\u201d comunicaciones promocionales:<\/p>\n<p>1. Cambiando la configuraci\u00f3n de su cuenta;<\/p>\n<p>2. Respondiendo a un correo electr\u00f3nico promocional que haya recibido de nuestra parte;<\/p>\n<p>3. Enviando un correo electr\u00f3nico o escribiendo a nuestro servicio de atenci\u00f3n al cliente en cualquier momento.<\/p>\n<p>Sus derechos en relaci\u00f3n con su informaci\u00f3n personal incluyen:<\/p>\n<p>1. Retirar su consentimiento para el tratamiento de sus Datos Personales en cualquier momento;<\/p>\n<p>2. Oponerse al tratamiento de sus Datos Personales. Si tratamos su informaci\u00f3n por inter\u00e9s leg\u00edtimo (por ejemplo, para marketing directo o investigaci\u00f3n), puede oponerse. Evaluaremos su solicitud y, salvo que exista justificaci\u00f3n legal (como el inter\u00e9s p\u00fablico o la imposibilidad de identificaci\u00f3n), detendremos el tratamiento con dichos fines;<\/p>\n<p>3. Ser informado sobre qu\u00e9 informaci\u00f3n suya almacenamos, c\u00f3mo la obtuvimos y durante cu\u00e1nto tiempo la conservaremos;<\/p>\n<p>4. Verificar y corregir sus Datos Personales si son inexactos, incompletos o desactualizados;<\/p>\n<p>5. Restringir el tratamiento de sus Datos Personales si cuestiona su exactitud, cree que se est\u00e1n tratando ilegalmente o desea oponerse al tratamiento. En este caso, solo conservaremos los datos hasta que se resuelva la cuesti\u00f3n, sin utilizarlos para ning\u00fan otro prop\u00f3sito;<\/p>\n<p>6. Solicitar la eliminaci\u00f3n o destrucci\u00f3n de sus Datos Personales (derecho al olvido). Tenga en cuenta que eliminar estos datos puede afectar su experiencia con nuestros Servicios o provocar la terminaci\u00f3n de la relaci\u00f3n si los datos son esenciales;<\/p>\n<p>7. Transferir sus Datos Personales a otra entidad (derecho a la portabilidad), si el tratamiento se basa en su consentimiento o en un contrato, y se realiza de forma automatizada;<\/p>\n<p>8. Presentar una reclamaci\u00f3n ante una autoridad de control.<\/p>\n<p>Puede ejercer estos derechos de forma gratuita escribi\u00e9ndonos a la direcci\u00f3n de correo electr\u00f3nico proporcionada anteriormente. En algunos casos, podr\u00edamos solicitarle que verifique su identidad antes de poder procesar su solicitud.<\/p>\n<p>Podemos divulgar sus Datos Personales si estamos legalmente obligados a hacerlo.<\/p>\n<\/section>\n<section class=\"page__section\">\n<div class=\"section-subtitle section-subtitle--bordered\">7. \u041fPOL\u00cdTICA DE COOKIES<\/div>\n<p class=\"ttu font-semibold\">INFORMACI\u00d3N ALMACENADA EN SU DISPOSITIVO<\/p>\n<p>Cuando utiliza nuestros servicios, con su consentimiento, podemos almacenar cierta informaci\u00f3n en su dispositivo. Esta informaci\u00f3n se denomina archivos cookies. Se trata de peque\u00f1os archivos de texto que se guardan en su dispositivo y que permiten recordar sus preferencias durante el uso de nuestros servicios, la visita a nuestros sitios web y p\u00e1ginas en l\u00ednea.<\/p>\n<p>Tambi\u00e9n utilizamos objetos locales compartidos, conocidos como \u201cflash cookies\u201d. Son similares a las cookies del navegador y ayudan a recordar sus preferencias al visitar nuestros sitios, adem\u00e1s de almacenar datos necesarios para la reproducci\u00f3n de contenido multimedia.<\/p>\n<p>Ni las cookies ni los flash cookies nos permiten acceder a su dispositivo o a la informaci\u00f3n almacenada en \u00e9l.<\/p>\n<p>Se utilizan \u00fanicamente con fines anal\u00edticos, as\u00ed como para rastrear su uso de nuestros servicios, mejorar su calidad y la relevancia del contenido mostrado.<\/p>\n<p class=\"ttu font-semibold\">TIPOS DE COOKIES QUE UTILIZAMOS:<\/p>\n<p>1. Cookies esenciales \u2013 permiten navegar por el sitio web y utilizar sus funciones (por ejemplo, acceder a \u00e1reas protegidas o realizar transacciones). Sin ellas, el sitio no puede funcionar correctamente.<\/p>\n<p>2. Cookies de registro \u2013 contienen informaci\u00f3n recopilada durante el proceso de registro. Ayudan a personalizar los servicios y analizar sus preferencias y comportamiento para mejorar la experiencia del usuario.<\/p>\n<p>3. Cookies de sesi\u00f3n \u2013 se almacenan solo durante la sesi\u00f3n actual y se eliminan al cerrar el navegador.<\/p>\n<p>4. Cookies persistentes \u2013 permanecen en el dispositivo m\u00e1s all\u00e1 de una sesi\u00f3n y se utilizan para guardar sus preferencias.<\/p>\n<p>5. Cookies anal\u00edticas \u2013 permiten contar los usuarios y analizar su comportamiento en el sitio para mejorar la funcionalidad y navegaci\u00f3n.<\/p>\n<p class=\"ttu font-semibold\">GESTI\u00d3N DE COOKIES<\/p>\n<p>Puede aceptar o rechazar el uso de cookies en cualquier momento. La mayor\u00eda de los navegadores las aceptan autom\u00e1ticamente, pero usted puede cambiar esta configuraci\u00f3n:<\/p>\n<p>1. Eliminar todas las cookies<\/p>\n<p>2. Bloquear todas las cookies<\/p>\n<p>3. Permitir todas las cookies<\/p>\n<p>4. Bloquear cookies de terceros<\/p>\n<p>5. Borrar cookies al cerrar el navegador<\/p>\n<p>6. Utilizar el modo de navegaci\u00f3n \u201cinc\u00f3gnito\u201d<\/p>\n<p>7. Instalar extensiones para una gesti\u00f3n avanzada<\/p>\n<p>Enlaces \u00fatiles para la gesti\u00f3n de cookies:<\/p>\n<ul>\n<li>Internet Explorer: <a class=\"link c-white\" href=\"https:\/\/support.microsoft.com\/kb\/278835\">https:\/\/support.microsoft.com\/kb\/278835<\/a><\/li>\n<li>Chrome: <a class=\"link c-white\" href=\"https:\/\/support.google.com\/accounts\/answer\/32050\">https:\/\/support.google.com\/accounts\/answer\/32050<\/a><\/li>\n<li>Firefox: <a class=\"link c-white\" href=\"https:\/\/support.mozilla.org\/es\/kb\/eliminar-cookies\">https:\/\/support.mozilla.org\/es\/kb\/eliminar-cookies<\/a><\/li>\n<li>Safari: <a class=\"link c-white\" href=\"https:\/\/support.apple.com\/kb\/PH21411?locale=en_US\">https:\/\/support.apple.com\/kb\/PH21411?locale=en_US<\/a><\/li>\n<li>Opera: <a class=\"link c-white\" href=\"https:\/\/help.opera.com\/en\/latest\/web-preferences\/#cookies\">https:\/\/help.opera.com\/en\/latest\/web-preferences\/#cookies<\/a><\/li>\n<\/ul>\n<p class=\"ttu\">FLASH COOKIES<\/p>\n<p>Para gestionar los flash cookies, puede modificar la configuraci\u00f3n mediante el Administrador de configuraci\u00f3n de Flash Player.<\/p>\n<p>Tenga en cuenta: si bloquea todas las cookies, algunas funciones del sitio (como la selecci\u00f3n del idioma) pueden dejar de estar disponibles.<\/p>\n<\/section>\n<section class=\"page__section\">\n<div class=\"section-subtitle section-subtitle--bordered\">8. CONSENTIMIENTO PARA REALIZAR VERIFICACIONES DE SEGURIDAD<\/div>\n<p>Nos reservamos el derecho de realizar verificaciones de seguridad en cualquier momento para confirmar la validez de los datos de registro, el uso adecuado de nuestros servicios y el cumplimiento de las transacciones financieras con la legislaci\u00f3n aplicable y nuestras condiciones.<\/p>\n<p>Al utilizar nuestros servicios, usted acepta los t\u00e9rminos de esta Pol\u00edtica y nos autoriza a utilizar los datos que ha proporcionado para llevar a cabo dichas verificaciones, incluyendo el uso de bases de datos externas.<\/p>\n<p>Estas verificaciones pueden incluir informes financieros y la verificaci\u00f3n de identidad a trav\u00e9s de fuentes externas.<\/p>\n<\/section>\n<section class=\"page__section\">\n<div class=\"section-subtitle section-subtitle--bordered\">9. SEGURIDAD<\/div>\n<p>Entendemos la importancia de garantizar la seguridad y aplicar los m\u00e9todos necesarios para preservar la confidencialidad, integridad y disponibilidad de la informaci\u00f3n. Todos los Datos Personales que recibimos directamente de usted se almacenan en una base de datos cifrada y protegida con contrase\u00f1a, ubicada en una red segura con software de firewall actualizado.<\/p>\n<p>Nuestros servicios son compatibles con SSL versi\u00f3n 3 y cifrado de 128 bits.<\/p>\n<p>Tambi\u00e9n promovemos que nuestras filiales, agentes, socios, afiliados y proveedores apliquen las mismas medidas de seguridad adecuadas.<\/p>\n<p>Sin embargo, la transmisi\u00f3n de informaci\u00f3n por Internet no es completamente segura en general, y no podemos garantizar la seguridad de sus datos mientras est\u00e9n en tr\u00e1nsito.<\/p>\n<p>ColdBet Partners cuenta con procedimientos de seguridad para proteger su informaci\u00f3n una vez que la hayamos recibido.<\/p>\n<\/section>\n<section class=\"page__section\">\n<div class=\"section-subtitle section-subtitle--bordered\">10. PROTECCI\u00d3N DE MENORES<\/div>\n<p>Nuestros servicios y sitio web no est\u00e1n destinados a personas menores de 18 a\u00f1os o menores de la edad legal de mayor\u00eda en su pa\u00eds.<\/p>\n<p>Toda persona que proporcione informaci\u00f3n a trav\u00e9s de nuestros servicios confirma que ha cumplido dieciocho (18) a\u00f1os (u otra edad legal aplicable en su jurisdicci\u00f3n).<\/p>\n<p>Nuestra pol\u00edtica incluye medidas para detectar intentos de acceso por parte de menores, lo que puede requerir an\u00e1lisis de seguridad adicionales.<\/p>\n<p>Si descubrimos que un menor ha intentado proporcionarnos o nos ha proporcionado Datos Personales, dicha informaci\u00f3n ser\u00e1 rechazada y eliminada de nuestras bases de datos.<\/p>\n<\/section>\n<section class=\"page__section\">\n<div class=\"section-subtitle section-subtitle--bordered\">11. DURACI\u00d3N DEL ALMACENAMIENTO DE SUS DATOS PERSONALES<\/div>\n<p>Los Datos Personales se almacenan durante el tiempo que dure la relaci\u00f3n comercial entre usted y nosotros, o hasta que solicite su eliminaci\u00f3n.<\/p>\n<p>La informaci\u00f3n ser\u00e1 eliminada, anonimizada o seudonimizada cuando ya no sea necesaria para el funcionamiento de nuestro sitio web.<\/p>\n<\/section>\n<section class=\"page__section\">\n<div class=\"section-subtitle section-subtitle--bordered\">12. TRANSFERENCIA TRANSFRONTERIZA<\/div>\n<p>Los Datos Personales que recopilamos pueden almacenarse y procesarse en cualquier pa\u00eds donde nosotros, nuestras filiales, socios, proveedores o agentes ofrezcan servicios de juego o infraestructura de nuestra plataforma.<\/p>\n<p>Al utilizar nuestros servicios, usted acepta expresamente que su informaci\u00f3n pueda transferirse fuera de su pa\u00eds (incluso a pa\u00edses que podr\u00edan no contar con leyes adecuadas de protecci\u00f3n de datos personales).<\/p>\n<p>No obstante, tomamos todas las medidas necesarias para que nuestros agentes, socios, filiales y proveedores, sin importar su ubicaci\u00f3n, cumplan con nuestros est\u00e1ndares de privacidad en general y con esta Pol\u00edtica en particular.<\/p>\n<\/section>\n<section class=\"page__section\">\n<div class=\"section-subtitle section-subtitle--bordered\">13. RELACI\u00d3N CON TERCEROS<\/div>\n<p>No podemos garantizar la protecci\u00f3n de informaci\u00f3n que usted proporcione a un sitio web externo que tenga enlaces a nuestros servicios, ni de ninguna otra informaci\u00f3n recopilada por terceros que participen en nuestro programa de afiliados (cuando aplique) o por otros medios.<\/p>\n<p>Toda informaci\u00f3n recopilada por terceros estar\u00e1 sujeta a sus respectivas pol\u00edticas de privacidad, si las hubiera.<\/p>\n<\/section>\n<section class=\"page__section\">\n<div class=\"section-subtitle section-subtitle--bordered\">14. \u00bfC\u00d3MO CONTACTARNOS?<\/div>\n<p>Si tiene preguntas sobre esta Pol\u00edtica de Privacidad o desea ejercer cualquiera de sus derechos conforme al punto 6, cont\u00e1ctenos a trav\u00e9s del siguiente correo electr\u00f3nico: <a class=\"link\" href=\"mailto:support@coldbet.partners\" target=\"_blank\">\ud83d\udce9 support@coldbet.partners<\/a><\/p>\n<\/section><\/div>\n","protected":false},"excerpt":{"rendered":"<p>\u00daltima actualizaci\u00f3n: 09.07.2025 Nos comprometemos a que nuestra Pol\u00edtica de Privacidad (en adelante, la \u201cPol\u00edtica\u201d) sea transparente y comprensible para usted en lo que respecta al uso y la protecci\u00f3n de sus Datos Personales. Esta Pol\u00edtica de Privacidad cumple con los est\u00e1ndares del Reglamento General de Protecci\u00f3n de Datos (RGPD) de la UE. En esta [&hellip;]<\/p>\n","protected":false},"author":1,"featured_media":0,"parent":0,"menu_order":0,"comment_status":"closed","ping_status":"open","template":"page-text.php","meta":{"footnotes":""},"class_list":["post-3","page","type-page","status-publish","hentry"],"_links":{"self":[{"href":"https:\/\/coldbet.partners\/es\/wp-json\/wp\/v2\/pages\/3","targetHints":{"allow":["GET"]}}],"collection":[{"href":"https:\/\/coldbet.partners\/es\/wp-json\/wp\/v2\/pages"}],"about":[{"href":"https:\/\/coldbet.partners\/es\/wp-json\/wp\/v2\/types\/page"}],"author":[{"embeddable":true,"href":"https:\/\/coldbet.partners\/es\/wp-json\/wp\/v2\/users\/1"}],"replies":[{"embeddable":true,"href":"https:\/\/coldbet.partners\/es\/wp-json\/wp\/v2\/comments?post=3"}],"version-history":[{"count":12,"href":"https:\/\/coldbet.partners\/es\/wp-json\/wp\/v2\/pages\/3\/revisions"}],"predecessor-version":[{"id":76,"href":"https:\/\/coldbet.partners\/es\/wp-json\/wp\/v2\/pages\/3\/revisions\/76"}],"wp:attachment":[{"href":"https:\/\/coldbet.partners\/es\/wp-json\/wp\/v2\/media?parent=3"}],"curies":[{"name":"wp","href":"https:\/\/api.w.org\/{rel}","templated":true}]}}